{"id":1024,"date":"2021-03-17T16:07:34","date_gmt":"2021-03-17T15:07:34","guid":{"rendered":"https:\/\/www.domaineroberthaag.com\/?post_type=product&#038;p=1024"},"modified":"2026-02-25T09:31:12","modified_gmt":"2026-02-25T08:31:12","slug":"aoc-alsace-cremant-dalsace-rose","status":"publish","type":"product","link":"https:\/\/www.domaineroberthaag.com\/en\/boutique\/aoc-alsace-cremant-dalsace-rose\/","title":{"rendered":"AOC Alsace Cr\u00e9mant d&#8217;Alsace Ros\u00e9"},"content":{"rendered":"<p>This Cr\u00e9mant ros\u00e9 is made from Pinot Noir grapes.<\/p>\n<p>The optimal maturity of the grapes and a slow pressing make it possible to obtain the pretty pink colour, relayed by a finesse of elegant bubbles.<\/p>\n<p>This Cr\u00e9mant has a delicate aroma of small red fruits.<\/p>\n","protected":false},"excerpt":{"rendered":"<p><strong>Food and wine pairing<\/strong>: aperitif, receptions, red fruit tarts and tangy desserts.<\/p>\n<p><strong>Serving temperature<\/strong>: 6 to 8\u00b0C.<\/p>\n<p><strong>Storage<\/strong>: 1 to 3 years.<\/p>\n<p><strong>Analytical parameters<\/strong> :<\/p>\n<p>Alcohol: 12.19 % vol.<br \/>\nTotal acidity (tartaric): 6.5 g\/l<br \/>\nResidual sugar: 9.6 g\/l<br \/>\nType of wine: dry wine<\/p>\n","protected":false},"featured_media":1454,"template":"","meta":{"_acf_changed":false},"product_brand":[],"product_cat":[18],"product_tag":[],"class_list":{"0":"post-1024","1":"product","2":"type-product","3":"status-publish","4":"has-post-thumbnail","6":"product_cat-cremant-dalsace","8":"first","9":"instock","10":"taxable","11":"shipping-taxable","12":"purchasable","13":"product-type-simple"},"acf":[],"_links":{"self":[{"href":"https:\/\/www.domaineroberthaag.com\/en\/wp-json\/wp\/v2\/product\/1024","targetHints":{"allow":["GET"]}}],"collection":[{"href":"https:\/\/www.domaineroberthaag.com\/en\/wp-json\/wp\/v2\/product"}],"about":[{"href":"https:\/\/www.domaineroberthaag.com\/en\/wp-json\/wp\/v2\/types\/product"}],"wp:featuredmedia":[{"embeddable":true,"href":"https:\/\/www.domaineroberthaag.com\/en\/wp-json\/wp\/v2\/media\/1454"}],"wp:attachment":[{"href":"https:\/\/www.domaineroberthaag.com\/en\/wp-json\/wp\/v2\/media?parent=1024"}],"wp:term":[{"taxonomy":"product_brand","embeddable":true,"href":"https:\/\/www.domaineroberthaag.com\/en\/wp-json\/wp\/v2\/product_brand?post=1024"},{"taxonomy":"product_cat","embeddable":true,"href":"https:\/\/www.domaineroberthaag.com\/en\/wp-json\/wp\/v2\/product_cat?post=1024"},{"taxonomy":"product_tag","embeddable":true,"href":"https:\/\/www.domaineroberthaag.com\/en\/wp-json\/wp\/v2\/product_tag?post=1024"}],"curies":[{"name":"wp","href":"https:\/\/api.w.org\/{rel}","templated":true}]}}