{"id":1013,"date":"2021-03-16T12:20:53","date_gmt":"2021-03-16T11:20:53","guid":{"rendered":"https:\/\/www.domaineroberthaag.com\/?post_type=product&#038;p=1013"},"modified":"2025-09-23T14:59:07","modified_gmt":"2025-09-23T12:59:07","slug":"aoc-alsace-cremant-dalsace","status":"publish","type":"product","link":"https:\/\/www.domaineroberthaag.com\/en\/boutique\/aoc-alsace-cremant-dalsace\/","title":{"rendered":"AOC Alsace Cr\u00e9mant d&#8217;Alsace"},"content":{"rendered":"<p>The Cr\u00e9mant d&#8217;Alsace is a sparkling wine with its own &#8220;Appelation d&#8217;origine Contr\u00f4l\u00e9e&#8221; (AOC). The legislation requires hand picking and whole bunch pressing.<\/p>\n<p>After fermentation and clearing, the fine bubbles are obtained through a second fermentation in bottles in order to carbonate the wine. This procedure will take place over several months.<\/p>\n<p>Before the sparkling wine is finished, the &#8220;remuage&#8221; or rippling takes place, followed by the &#8220;d\u00e9gorgement&#8221; or disgorging in order to remove the lees. The final step called &#8220;dosage&#8221; involves topping the sparkling wine off with a wine liquor, then sealed with the distinct mushroom-shaped cork held in place with a wire basket.<\/p>\n<p>A multi-vintage blend (Pinot Blanc, Pinot Gris and Pinot Noir) is used for the wine-making of the Cr\u00e9mant d&#8217;Alsace.<\/p>\n<p>This wine is crisp, with ripe fruits flavours and toasted notes. The finish has a beautiful length.<\/p>\n<p>An exceptional wine for aperitif; may also be served with fish p\u00e2t\u00e9, vol-au-vent and Chicken fricassee.<\/p>\n","protected":false},"excerpt":{"rendered":"<p><strong>Food and wine pairing<\/strong>: aperitif, fish terrine, vol-au-vent or poultry in cream sauce.<\/p>\n<p><strong>Serving temperature<\/strong>: 6 to 8\u00b0C.<\/p>\n<p><strong>Storage<\/strong>: 1 to 3 years.<\/p>\n<p><strong>Analytical parameters<\/strong> :<\/p>\n<p>Alcohol: 12.02 % vol.<br \/>\nTotal acidity (tartaric): 5.6 g\/l<br \/>\nResidual sugar: 8.8 g\/l<br \/>\nType of wine: dry wine<\/p>\n","protected":false},"featured_media":770,"template":"","meta":{"_acf_changed":false},"product_brand":[],"product_cat":[18],"product_tag":[],"class_list":{"0":"post-1013","1":"product","2":"type-product","3":"status-publish","4":"has-post-thumbnail","6":"product_cat-cremant-dalsace","8":"first","9":"instock","10":"taxable","11":"shipping-taxable","12":"purchasable","13":"product-type-simple"},"acf":[],"_links":{"self":[{"href":"https:\/\/www.domaineroberthaag.com\/en\/wp-json\/wp\/v2\/product\/1013","targetHints":{"allow":["GET"]}}],"collection":[{"href":"https:\/\/www.domaineroberthaag.com\/en\/wp-json\/wp\/v2\/product"}],"about":[{"href":"https:\/\/www.domaineroberthaag.com\/en\/wp-json\/wp\/v2\/types\/product"}],"wp:featuredmedia":[{"embeddable":true,"href":"https:\/\/www.domaineroberthaag.com\/en\/wp-json\/wp\/v2\/media\/770"}],"wp:attachment":[{"href":"https:\/\/www.domaineroberthaag.com\/en\/wp-json\/wp\/v2\/media?parent=1013"}],"wp:term":[{"taxonomy":"product_brand","embeddable":true,"href":"https:\/\/www.domaineroberthaag.com\/en\/wp-json\/wp\/v2\/product_brand?post=1013"},{"taxonomy":"product_cat","embeddable":true,"href":"https:\/\/www.domaineroberthaag.com\/en\/wp-json\/wp\/v2\/product_cat?post=1013"},{"taxonomy":"product_tag","embeddable":true,"href":"https:\/\/www.domaineroberthaag.com\/en\/wp-json\/wp\/v2\/product_tag?post=1013"}],"curies":[{"name":"wp","href":"https:\/\/api.w.org\/{rel}","templated":true}]}}