{"id":1836,"date":"2026-03-04T09:43:42","date_gmt":"2026-03-04T08:43:42","guid":{"rendered":"https:\/\/www.domaineroberthaag.com\/?post_type=product&#038;p=1836"},"modified":"2026-03-06T15:30:06","modified_gmt":"2026-03-06T14:30:06","slug":"aoc-alsace-gewurztraminer-2023","status":"publish","type":"product","link":"https:\/\/www.domaineroberthaag.com\/de\/boutique\/aoc-alsace-gewurztraminer-2023\/","title":{"rendered":"AOC Alsace Gewurztraminer 2025 Cuv\u00e9e PRESTIGE &#8211; BIO"},"content":{"rendered":"<p>Der Gew\u00fcrztraminer <strong>Cuv\u00e9e PRESTIGE 2025<\/strong> ist ein s\u00fc\u00dfer Wein, der aus sorgf\u00e4ltig ausgew\u00e4hlten, \u00fcberreifen Bio-Trauben hergestellt wird.<\/p>\n<p>Dieser bei niedriger Temperatur vinifizierte Gew\u00fcrztraminer mit blassgoldenen Reflexen bringt die Typizit\u00e4t der Rebsorte mit einer explosiven Nase zum Ausdruck, die exotische Fr\u00fcchte, kandierte Fr\u00fcchte und eine w\u00fcrzige Note vereint.<\/p>\n<p>Mit einem Lagerpotenzial von 10 Jahren begeistert er Kenner durch seine Komplexit\u00e4t, L\u00e4nge und Ausgewogenheit am Gaumen.<\/p>\n","protected":false},"excerpt":{"rendered":"<p><strong>Passend zu Speisen und Weinen<\/strong>: Aperitif, G\u00e4nseleber, exotische K\u00fcche, kr\u00e4ftige K\u00e4sesorten, Desserts.<\/p>\n<p><strong>Serviertemperatur<\/strong>: 8 bis 10\u00b0C.<\/p>\n<p><strong>Konservierung<\/strong>: 8 bis 10 Jahre.<\/p>\n<p><strong>Analytische Parameter<\/strong>:<\/p>\n<p>Alkohol: 12.42% vol.<br \/>\nGesamts\u00e4uregehalt (Weins\u00e4ure): 5.31 g\/l<br \/>\nRestzucker: 54.95 g\/l<br \/>\nArt des Weins: s\u00fc\u00df Wein<\/p>\n","protected":false},"featured_media":0,"template":"","meta":{"_acf_changed":false},"product_brand":[],"product_cat":[20],"product_tag":[],"class_list":{"0":"post-1836","1":"product","2":"type-product","3":"status-publish","5":"product_cat-gewurztraminer","7":"first","8":"instock","9":"taxable","10":"shipping-taxable","11":"purchasable","12":"product-type-simple"},"acf":[],"_links":{"self":[{"href":"https:\/\/www.domaineroberthaag.com\/de\/wp-json\/wp\/v2\/product\/1836","targetHints":{"allow":["GET"]}}],"collection":[{"href":"https:\/\/www.domaineroberthaag.com\/de\/wp-json\/wp\/v2\/product"}],"about":[{"href":"https:\/\/www.domaineroberthaag.com\/de\/wp-json\/wp\/v2\/types\/product"}],"wp:attachment":[{"href":"https:\/\/www.domaineroberthaag.com\/de\/wp-json\/wp\/v2\/media?parent=1836"}],"wp:term":[{"taxonomy":"product_brand","embeddable":true,"href":"https:\/\/www.domaineroberthaag.com\/de\/wp-json\/wp\/v2\/product_brand?post=1836"},{"taxonomy":"product_cat","embeddable":true,"href":"https:\/\/www.domaineroberthaag.com\/de\/wp-json\/wp\/v2\/product_cat?post=1836"},{"taxonomy":"product_tag","embeddable":true,"href":"https:\/\/www.domaineroberthaag.com\/de\/wp-json\/wp\/v2\/product_tag?post=1836"}],"curies":[{"name":"wp","href":"https:\/\/api.w.org\/{rel}","templated":true}]}}