{"id":1764,"date":"2025-08-05T16:22:24","date_gmt":"2025-08-05T14:22:24","guid":{"rendered":"https:\/\/www.domaineroberthaag.com\/?post_type=product&#038;p=1764"},"modified":"2025-09-19T16:04:36","modified_gmt":"2025-09-19T14:04:36","slug":"cuvee-seccie-bio-2024","status":"publish","type":"product","link":"https:\/\/www.domaineroberthaag.com\/de\/boutique\/cuvee-seccie-bio-2024\/","title":{"rendered":"AOC Alsace Assemblage Cuv\u00e9e Sec&#8217;Cie 2024 &#8211; BIO"},"content":{"rendered":"<p><strong>Der Cuv\u00e9e Sec\u2019Cie<\/strong> ist ein Orange Wine, der aus <strong>biologisch<\/strong> angebauten Gew\u00fcrztraminer-Trauben durch Maischeg\u00e4rung hergestellt wird, wodurch er seine orange Farbe erh\u00e4lt.<\/p>\n<p>In der Nase bietet er Aromen von exotischen Fr\u00fcchten, Gew\u00fcrzen und Blumen, w\u00e4hrend er sich am Gaumen trocken, leicht tanninhaltig, mit moderater S\u00e4ure und einem anhaltenden Abgang pr\u00e4sentiert.<\/p>\n<p>Wagen Sie das Unerwartete und entdecken Sie diesen authentischen Wein noch heute.<\/p>\n<p>Das Etikett dieses Weins spricht f\u00fcr sich selbst!<\/p>\n<p>&nbsp;<\/p>\n<p>&nbsp;<\/p>\n","protected":false},"excerpt":{"rendered":"<p><strong>Passt gut zu<\/strong>: Meeresfr\u00fcchte, Krustentiere, Fisch, Wurstwaren, wei\u00dfes Fleisch, w\u00fcrzige Gerichte und Frischk\u00e4se.<\/p>\n<p><strong>Serviertemperatur<\/strong>: 8 bis 10\u00b0C.<\/p>\n<p><strong>Lagerung<\/strong>: 2 bis 5 Jahre.<\/p>\n<p><strong>Analytische Parameter<\/strong>:<\/p>\n<p>Alkohol: 12,48 % vol.<br \/>\nGesamts\u00e4uregehalt (Weins\u00e4ure): 4,8 g\/l<br \/>\nRestzucker: 0,22 g\/l<br \/>\nWeinart: trockener Wein<\/p>\n","protected":false},"featured_media":1785,"template":"","meta":{"_acf_changed":false},"product_brand":[],"product_cat":[30],"product_tag":[],"class_list":{"0":"post-1764","1":"product","2":"type-product","3":"status-publish","4":"has-post-thumbnail","6":"product_cat-cuvee-seccie","8":"first","9":"instock","10":"taxable","11":"shipping-taxable","12":"purchasable","13":"product-type-simple"},"acf":[],"_links":{"self":[{"href":"https:\/\/www.domaineroberthaag.com\/de\/wp-json\/wp\/v2\/product\/1764","targetHints":{"allow":["GET"]}}],"collection":[{"href":"https:\/\/www.domaineroberthaag.com\/de\/wp-json\/wp\/v2\/product"}],"about":[{"href":"https:\/\/www.domaineroberthaag.com\/de\/wp-json\/wp\/v2\/types\/product"}],"wp:featuredmedia":[{"embeddable":true,"href":"https:\/\/www.domaineroberthaag.com\/de\/wp-json\/wp\/v2\/media\/1785"}],"wp:attachment":[{"href":"https:\/\/www.domaineroberthaag.com\/de\/wp-json\/wp\/v2\/media?parent=1764"}],"wp:term":[{"taxonomy":"product_brand","embeddable":true,"href":"https:\/\/www.domaineroberthaag.com\/de\/wp-json\/wp\/v2\/product_brand?post=1764"},{"taxonomy":"product_cat","embeddable":true,"href":"https:\/\/www.domaineroberthaag.com\/de\/wp-json\/wp\/v2\/product_cat?post=1764"},{"taxonomy":"product_tag","embeddable":true,"href":"https:\/\/www.domaineroberthaag.com\/de\/wp-json\/wp\/v2\/product_tag?post=1764"}],"curies":[{"name":"wp","href":"https:\/\/api.w.org\/{rel}","templated":true}]}}