{"id":1380,"date":"2022-09-09T14:17:48","date_gmt":"2022-09-09T12:17:48","guid":{"rendered":"https:\/\/www.domaineroberthaag.com\/?post_type=product&#038;p=1380"},"modified":"2025-09-23T15:59:20","modified_gmt":"2025-09-23T13:59:20","slug":"cuvee-h","status":"publish","type":"product","link":"https:\/\/www.domaineroberthaag.com\/de\/boutique\/cuvee-h\/","title":{"rendered":"AOC Alsace Assemblage Cuv\u00e9e H 2023"},"content":{"rendered":"<p>Die Cuv\u00e9e H ist ein Wein voller Energie und Freude, frisch, fr\u00fchlingshaft und warm.<\/p>\n<p>Von den Mitgliedern der Familie Haag wie eine Musik komponiert, f\u00fcgen sich die Rebsorten zu einer angenehmen Symphonie zusammen.<\/p>\n<p>Die Noten von kleinen wei\u00dfen Bl\u00fcten passen zu den rauchigen und mineralischen Grundlagen dieses Weins. Am Gaumen harmonieren die frischen Fr\u00fcchte mit einer fr\u00f6hlichen, rhythmischen und belebenden S\u00e4ure, wie eine Traube frischer Weintrauben. Der herrlich fruchtige Abgang dr\u00fcckt sich in Zesten aus.<\/p>\n<p>Dieser Wein ist eine Synthese, eine gro\u00dfartige Frucht der Arbeit von drei Generationen, gleichzeitig modern und eingebettet in eine Familientradition und ein Familienwissen.<\/p>\n<p>&nbsp;<\/p>\n","protected":false},"excerpt":{"rendered":"<p><strong>Passt gut zu<\/strong>: Meeresfr\u00fcchte, Fisch, helles Fleisch und alle Arten von Gastronomie.<\/p>\n<p><strong>Serviertemperatur<\/strong>: 8 bis 10\u00b0C.<\/p>\n<p><strong>Lagerung<\/strong>: 2 bis 5 Jahre.<\/p>\n<p><strong>Analytische Parameter<\/strong>:<\/p>\n<p>Alkohol: 12,12 % vol.<br \/>\nGesamts\u00e4uregehalt (Weins\u00e4ure): 4,9 g\/l<br \/>\nRestzucker: 7,2 g\/l<br \/>\nWeinart: halbtrockener Wein<\/p>\n","protected":false},"featured_media":1385,"template":"","meta":{"_acf_changed":false},"product_brand":[],"product_cat":[27],"product_tag":[],"class_list":{"0":"post-1380","1":"product","2":"type-product","3":"status-publish","4":"has-post-thumbnail","6":"product_cat-cuvee-h","8":"first","9":"instock","10":"taxable","11":"shipping-taxable","12":"purchasable","13":"product-type-simple"},"acf":[],"_links":{"self":[{"href":"https:\/\/www.domaineroberthaag.com\/de\/wp-json\/wp\/v2\/product\/1380","targetHints":{"allow":["GET"]}}],"collection":[{"href":"https:\/\/www.domaineroberthaag.com\/de\/wp-json\/wp\/v2\/product"}],"about":[{"href":"https:\/\/www.domaineroberthaag.com\/de\/wp-json\/wp\/v2\/types\/product"}],"wp:featuredmedia":[{"embeddable":true,"href":"https:\/\/www.domaineroberthaag.com\/de\/wp-json\/wp\/v2\/media\/1385"}],"wp:attachment":[{"href":"https:\/\/www.domaineroberthaag.com\/de\/wp-json\/wp\/v2\/media?parent=1380"}],"wp:term":[{"taxonomy":"product_brand","embeddable":true,"href":"https:\/\/www.domaineroberthaag.com\/de\/wp-json\/wp\/v2\/product_brand?post=1380"},{"taxonomy":"product_cat","embeddable":true,"href":"https:\/\/www.domaineroberthaag.com\/de\/wp-json\/wp\/v2\/product_cat?post=1380"},{"taxonomy":"product_tag","embeddable":true,"href":"https:\/\/www.domaineroberthaag.com\/de\/wp-json\/wp\/v2\/product_tag?post=1380"}],"curies":[{"name":"wp","href":"https:\/\/api.w.org\/{rel}","templated":true}]}}