{"id":1062,"date":"2021-03-18T17:04:06","date_gmt":"2021-03-18T16:04:06","guid":{"rendered":"https:\/\/www.domaineroberthaag.com\/?post_type=product&#038;p=1062"},"modified":"2025-09-23T15:04:10","modified_gmt":"2025-09-23T13:04:10","slug":"aoc-alsace-appellation-communale-scherwiller-riesling-2018","status":"publish","type":"product","link":"https:\/\/www.domaineroberthaag.com\/de\/boutique\/aoc-alsace-appellation-communale-scherwiller-riesling-2018\/","title":{"rendered":"AOC Alsace Appellation Communale Scherwiller Riesling 2022"},"content":{"rendered":"<p>Appellation Communale Scherwiller Riesling : WINE OF THE GROUND<\/p>\n<p>Diese abgegrenzte kommunale Appellation ist ausschlie\u00dflich dem Riesling vorbehalten.<\/p>\n<p>Er wird nach einer Qualit\u00e4tscharta mit einer begrenzten Ausbeute hergestellt.<\/p>\n<p>Die B\u00f6den bestehen aus Schwemmland, sind leicht, warm, trocken und filtrierend. Es handelt sich um einen sehr fr\u00fchreifen Boden, der dem Wein seinen Charakter verleiht.<\/p>\n<p>Ein trockener Wein mit gutem K\u00f6rper, elegant mit einem zitronigen Abgang.<\/p>\n","protected":false},"excerpt":{"rendered":"<p><strong>Passt zu<\/strong>: Coq au Riesling, Sauerkraut, Winzerkuchen, aber auch zu Meeresfr\u00fcchten, Krustentieren, Fisch in Sauce und wei\u00dfem Fleisch; zu entdecken mit Frischk\u00e4se.<\/p>\n<p><strong>Serviertemperatur<\/strong>: 8 bis 10\u00b0C.<\/p>\n<p><strong>Konservierung<\/strong>: 8 bis 10 Jahre.<\/p>\n<p><strong>Analytische Parameter<\/strong>:<\/p>\n<p>Alkohol: 12,23% vol.<br \/>\nGesamts\u00e4uregehalt (Weins\u00e4ure): 6,10 g\/l<br \/>\nRestzucker: 1,7 g\/l<br \/>\nWeinart: trockener Wein<\/p>\n","protected":false},"featured_media":786,"template":"","meta":{"_acf_changed":false},"product_brand":[],"product_cat":[23],"product_tag":[],"class_list":{"0":"post-1062","1":"product","2":"type-product","3":"status-publish","4":"has-post-thumbnail","6":"product_cat-riesling","8":"first","9":"instock","10":"taxable","11":"shipping-taxable","12":"purchasable","13":"product-type-simple"},"acf":[],"_links":{"self":[{"href":"https:\/\/www.domaineroberthaag.com\/de\/wp-json\/wp\/v2\/product\/1062","targetHints":{"allow":["GET"]}}],"collection":[{"href":"https:\/\/www.domaineroberthaag.com\/de\/wp-json\/wp\/v2\/product"}],"about":[{"href":"https:\/\/www.domaineroberthaag.com\/de\/wp-json\/wp\/v2\/types\/product"}],"wp:featuredmedia":[{"embeddable":true,"href":"https:\/\/www.domaineroberthaag.com\/de\/wp-json\/wp\/v2\/media\/786"}],"wp:attachment":[{"href":"https:\/\/www.domaineroberthaag.com\/de\/wp-json\/wp\/v2\/media?parent=1062"}],"wp:term":[{"taxonomy":"product_brand","embeddable":true,"href":"https:\/\/www.domaineroberthaag.com\/de\/wp-json\/wp\/v2\/product_brand?post=1062"},{"taxonomy":"product_cat","embeddable":true,"href":"https:\/\/www.domaineroberthaag.com\/de\/wp-json\/wp\/v2\/product_cat?post=1062"},{"taxonomy":"product_tag","embeddable":true,"href":"https:\/\/www.domaineroberthaag.com\/de\/wp-json\/wp\/v2\/product_tag?post=1062"}],"curies":[{"name":"wp","href":"https:\/\/api.w.org\/{rel}","templated":true}]}}