{"id":1049,"date":"2021-03-18T16:17:47","date_gmt":"2021-03-18T15:17:47","guid":{"rendered":"https:\/\/www.domaineroberthaag.com\/de\/?post_type=product&#038;p=1049"},"modified":"2025-11-27T15:50:09","modified_gmt":"2025-11-27T14:50:09","slug":"aoc-alsace-pinot-gris-vieilles-vignes-2017","status":"publish","type":"product","link":"https:\/\/www.domaineroberthaag.com\/de\/boutique\/aoc-alsace-pinot-gris-vieilles-vignes-2017\/","title":{"rendered":"AOC Alsace Pinot Gris Vieilles Vignes 2018"},"content":{"rendered":"<p>Diese Weinsorte verf\u00fcgt \u00fcber ger\u00e4ucherte und honigartige Aromen, begleitet durch die Feinheit eines frischen Fruchtgeschmackes.<\/p>\n<p>Eine gleiche Frische findet sich am Gaumen, um sich danach in einem sch\u00f6nen Gleichgewicht zu verschmelzen.<\/p>\n<p>Das Finale ist durch eine feine abget\u00f6nte Aprikosennote hervorgehoben. Dieser Pinot Gris erm\u00f6glicht einfach sch\u00f6ne kulinarische Kombinationen (am Aperitif, zum Dessert und auch mit G\u00e4nseleber).<\/p>\n","protected":false},"excerpt":{"rendered":"<p><strong>Speisen- und Weinkombinationen<\/strong>: Aperitif, G\u00e4nseleber, Desserts.<\/p>\n<p><strong>Serviertemperatur<\/strong>: 8 bis 10\u00b0C.<\/p>\n<p><strong>Konservierung<\/strong>: 10 bis 12 Jahre.<\/p>\n<p><strong>Analytische Parameter<\/strong>:<\/p>\n<p>Alkohol: 12,60 % vol.<br \/>\nGesamts\u00e4uregehalt (Weins\u00e4ure): 3,7 g\/l<br \/>\nRestzucker: 34,9 g\/l<br \/>\nArt des Weins: S\u00fc\u00dfwein<\/p>\n","protected":false},"featured_media":791,"template":"","meta":{"_acf_changed":false},"product_brand":[],"product_cat":[21],"product_tag":[],"class_list":{"0":"post-1049","1":"product","2":"type-product","3":"status-publish","4":"has-post-thumbnail","6":"product_cat-pinot-gris","8":"first","9":"instock","10":"taxable","11":"shipping-taxable","12":"purchasable","13":"product-type-simple"},"acf":[],"_links":{"self":[{"href":"https:\/\/www.domaineroberthaag.com\/de\/wp-json\/wp\/v2\/product\/1049","targetHints":{"allow":["GET"]}}],"collection":[{"href":"https:\/\/www.domaineroberthaag.com\/de\/wp-json\/wp\/v2\/product"}],"about":[{"href":"https:\/\/www.domaineroberthaag.com\/de\/wp-json\/wp\/v2\/types\/product"}],"wp:featuredmedia":[{"embeddable":true,"href":"https:\/\/www.domaineroberthaag.com\/de\/wp-json\/wp\/v2\/media\/791"}],"wp:attachment":[{"href":"https:\/\/www.domaineroberthaag.com\/de\/wp-json\/wp\/v2\/media?parent=1049"}],"wp:term":[{"taxonomy":"product_brand","embeddable":true,"href":"https:\/\/www.domaineroberthaag.com\/de\/wp-json\/wp\/v2\/product_brand?post=1049"},{"taxonomy":"product_cat","embeddable":true,"href":"https:\/\/www.domaineroberthaag.com\/de\/wp-json\/wp\/v2\/product_cat?post=1049"},{"taxonomy":"product_tag","embeddable":true,"href":"https:\/\/www.domaineroberthaag.com\/de\/wp-json\/wp\/v2\/product_tag?post=1049"}],"curies":[{"name":"wp","href":"https:\/\/api.w.org\/{rel}","templated":true}]}}