{"id":1047,"date":"2021-03-18T16:07:53","date_gmt":"2021-03-18T15:07:53","guid":{"rendered":"https:\/\/www.domaineroberthaag.com\/de\/?post_type=product&#038;p=1047"},"modified":"2025-12-30T10:50:18","modified_gmt":"2025-12-30T09:50:18","slug":"aoc-alsace-pinot-gris-2017","status":"publish","type":"product","link":"https:\/\/www.domaineroberthaag.com\/de\/boutique\/aoc-alsace-pinot-gris-2017\/","title":{"rendered":"AOC Alsace Pinot Gris 2023"},"content":{"rendered":"<p>Der Pinot Gris geh\u00f6rt der Familie der Pinots an. Seine Beeren sind kleiner, gr\u00e4ulich bis bl\u00e4ulich gef\u00e4rbt.<\/p>\n<p>Von geringem Ertrag, ist es ein kraftvoller und edler Wein mit vielf\u00e4ltigen Aromen, einem belebenden Bouquet und sehr feinem Geschmack.<\/p>\n<p>Mit seinem ausgedehnten und rauchigen Geschmack im Mund, harmonisiert sein K\u00f6rper mit frischer und eleganter S\u00e4ure und bietet ein lang anhaltendes Erlebnis.<\/p>\n<p>Er begleitet bestens G\u00e4nseleber, Fisch mit Saucen, verschiedene Terrinen und Fleischgerichte (besonders Wild).<\/p>\n<p>Er eignet sich \u00fcberdies als au\u00dfergew\u00f6hnlicher Aperitif.<\/p>\n","protected":false},"excerpt":{"rendered":"<p><strong>Speise- und Weinkombinationen<\/strong>: Aperitif, pikante Salate, G\u00e4nseleber, Braten und Fisch in Sauce, alle Arten von Terrinen und Fleisch, Gefl\u00fcgel in Sauce, Desserts.<\/p>\n<p><strong>Serviertemperatur<\/strong>: 8 bis 10\u00b0C.<\/p>\n<p><strong>Konservierung<\/strong>: 8 bis 10 Jahre.<\/p>\n<p><strong>Analytische Parameter<\/strong>:<\/p>\n<p>Alkohol: 12,70 % vol.<br \/>\nGesamts\u00e4uregehalt (Weins\u00e4ure): 5 g\/l<br \/>\nRestzucker: 7 g\/l<br \/>\nWeinart: halbtrockener Wein<\/p>\n","protected":false},"featured_media":790,"template":"","meta":{"_acf_changed":false},"product_brand":[],"product_cat":[21],"product_tag":[],"class_list":{"0":"post-1047","1":"product","2":"type-product","3":"status-publish","4":"has-post-thumbnail","6":"product_cat-pinot-gris","8":"first","9":"instock","10":"taxable","11":"shipping-taxable","12":"purchasable","13":"product-type-simple"},"acf":[],"_links":{"self":[{"href":"https:\/\/www.domaineroberthaag.com\/de\/wp-json\/wp\/v2\/product\/1047","targetHints":{"allow":["GET"]}}],"collection":[{"href":"https:\/\/www.domaineroberthaag.com\/de\/wp-json\/wp\/v2\/product"}],"about":[{"href":"https:\/\/www.domaineroberthaag.com\/de\/wp-json\/wp\/v2\/types\/product"}],"wp:featuredmedia":[{"embeddable":true,"href":"https:\/\/www.domaineroberthaag.com\/de\/wp-json\/wp\/v2\/media\/790"}],"wp:attachment":[{"href":"https:\/\/www.domaineroberthaag.com\/de\/wp-json\/wp\/v2\/media?parent=1047"}],"wp:term":[{"taxonomy":"product_brand","embeddable":true,"href":"https:\/\/www.domaineroberthaag.com\/de\/wp-json\/wp\/v2\/product_brand?post=1047"},{"taxonomy":"product_cat","embeddable":true,"href":"https:\/\/www.domaineroberthaag.com\/de\/wp-json\/wp\/v2\/product_cat?post=1047"},{"taxonomy":"product_tag","embeddable":true,"href":"https:\/\/www.domaineroberthaag.com\/de\/wp-json\/wp\/v2\/product_tag?post=1047"}],"curies":[{"name":"wp","href":"https:\/\/api.w.org\/{rel}","templated":true}]}}