{"id":1042,"date":"2021-03-18T15:41:08","date_gmt":"2021-03-18T14:41:08","guid":{"rendered":"https:\/\/www.domaineroberthaag.com\/?post_type=product&#038;p=1042"},"modified":"2025-09-23T15:02:47","modified_gmt":"2025-09-23T13:02:47","slug":"aoc-alsace-gewurztraminer-2018","status":"publish","type":"product","link":"https:\/\/www.domaineroberthaag.com\/de\/boutique\/aoc-alsace-gewurztraminer-2018\/","title":{"rendered":"AOC Alsace Gewurztraminer 2023"},"content":{"rendered":"<p>Dieser Rebsorte sticht unter den els\u00e4ssischen Weinen heraus. Er ist auf der ganzen Welt bekannt und sein Name verr\u00e4t schon vieles von seinem w\u00fcrzigen Charakter.<\/p>\n<p>Seine kleinen rosa Beeren bevorzugen besonders eine optimale Sonnenbestrahlung.<\/p>\n<p>Der Gew\u00fcrztraminer wird Sie in seiner Jugendlichkeit mit edlen Aromen verschiedener Gew\u00fcrze und Rosenduft verf\u00fchren. Nach ein- bis zwei j\u00e4hriger Lagerung wird dieser erste Eindruck durch Parf\u00fcmnoten von Blumen und Litchis ersetzt.<\/p>\n<p>Im Munde, wir dieser Wein Sie durch seine Reichhaltigkeit erstaunen. Bemerkenswert sind einige exotische Noten, die diesem Wein eine leichte andauernde S\u00fc\u00dfe verschaffen.<\/p>\n<p>Er verz\u00fcckt Ihre Einladungen sowohl zum Aperitif als auch zum Dessert.<\/p>\n<p>Unsere Vorschl\u00e4ge: G\u00e4nseleber, exotische Gerichte oder kraftvolle K\u00e4sesorten.<\/p>\n","protected":false},"excerpt":{"rendered":"<p><strong>Passend zu Speisen und Weinen<\/strong>: Aperitif, G\u00e4nseleber, exotische K\u00fcche, kr\u00e4ftige K\u00e4sesorten, Desserts.<\/p>\n<p><strong>Serviertemperatur<\/strong>: 8 bis 10\u00b0C.<\/p>\n<p><strong>Konservierung<\/strong>: 8 bis 10 Jahre.<\/p>\n<p><strong>Analytische Parameter<\/strong>:<\/p>\n<p>Alkohol: 13.47% vol.<br \/>\nGesamts\u00e4uregehalt (Weins\u00e4ure): 4 g\/l<br \/>\nRestzucker: 12 g\/l<br \/>\nArt des Weins: halbtrockener Wein<\/p>\n","protected":false},"featured_media":775,"template":"","meta":{"_acf_changed":false},"product_brand":[],"product_cat":[20],"product_tag":[],"class_list":{"0":"post-1042","1":"product","2":"type-product","3":"status-publish","4":"has-post-thumbnail","6":"product_cat-gewurztraminer","8":"first","9":"instock","10":"taxable","11":"shipping-taxable","12":"purchasable","13":"product-type-simple"},"acf":[],"_links":{"self":[{"href":"https:\/\/www.domaineroberthaag.com\/de\/wp-json\/wp\/v2\/product\/1042","targetHints":{"allow":["GET"]}}],"collection":[{"href":"https:\/\/www.domaineroberthaag.com\/de\/wp-json\/wp\/v2\/product"}],"about":[{"href":"https:\/\/www.domaineroberthaag.com\/de\/wp-json\/wp\/v2\/types\/product"}],"wp:featuredmedia":[{"embeddable":true,"href":"https:\/\/www.domaineroberthaag.com\/de\/wp-json\/wp\/v2\/media\/775"}],"wp:attachment":[{"href":"https:\/\/www.domaineroberthaag.com\/de\/wp-json\/wp\/v2\/media?parent=1042"}],"wp:term":[{"taxonomy":"product_brand","embeddable":true,"href":"https:\/\/www.domaineroberthaag.com\/de\/wp-json\/wp\/v2\/product_brand?post=1042"},{"taxonomy":"product_cat","embeddable":true,"href":"https:\/\/www.domaineroberthaag.com\/de\/wp-json\/wp\/v2\/product_cat?post=1042"},{"taxonomy":"product_tag","embeddable":true,"href":"https:\/\/www.domaineroberthaag.com\/de\/wp-json\/wp\/v2\/product_tag?post=1042"}],"curies":[{"name":"wp","href":"https:\/\/api.w.org\/{rel}","templated":true}]}}