{"id":1040,"date":"2021-03-18T15:34:07","date_gmt":"2021-03-18T14:34:07","guid":{"rendered":"https:\/\/www.domaineroberthaag.com\/?post_type=product&#038;p=1040"},"modified":"2025-07-18T14:20:16","modified_gmt":"2025-07-18T12:20:16","slug":"aoc-alsace-pinot-noir-eleve-en-barrique-2016","status":"publish","type":"product","link":"https:\/\/www.domaineroberthaag.com\/de\/boutique\/aoc-alsace-pinot-noir-eleve-en-barrique-2016\/","title":{"rendered":"AOC Alsace Pinot Noir \u00e9lev\u00e9 en Barrique 2019"},"content":{"rendered":"<p>Dieser Rotwein wird aus entrappten Trauben hergestellt und nach traditioneller Art aus Pinot Noir vinifiziert. Anschlie\u00dfend wird er in Eichenf\u00e4ssern gelagert, um einen kr\u00e4ftigen und strukturierten Wein zu erhalten.<\/p>\n<p>Er hat eine sch\u00f6ne, tief rubinrote Farbe.<\/p>\n<p>Die Nase ist gepr\u00e4gt von holzigen und fruchtigen Noten, der Gaumen hat eine ausgezeichnete Struktur.<\/p>\n<p>Am Gaumen ist der Auftakt offen, die Tannine sind rund und die Pr\u00e4senz ist lang.<\/p>\n","protected":false},"excerpt":{"rendered":"<p><strong>Passt gut zu<\/strong>: rotem Fleisch, Wild, K\u00e4se.<\/p>\n<p><strong>Serviertemperatur<\/strong>: 12 bis 15\u00b0C.<\/p>\n<p><strong>Konservierung<\/strong>: 10 bis 12 Jahre.<\/p>\n<p><strong>Analytische Parameter<\/strong>:<\/p>\n<p>Alkohol: 12,81 % vol.<br \/>\nGesamts\u00e4uregehalt (Weins\u00e4ure): 6,2 g\/l<br \/>\nRestzucker: 0,8 g\/l<br \/>\nWeinart: trockener Wein<\/p>\n","protected":false},"featured_media":778,"template":"","meta":{"_acf_changed":false},"product_brand":[],"product_cat":[19],"product_tag":[],"class_list":{"0":"post-1040","1":"product","2":"type-product","3":"status-publish","4":"has-post-thumbnail","6":"product_cat-pinot-noir","8":"first","9":"instock","10":"taxable","11":"shipping-taxable","12":"purchasable","13":"product-type-simple"},"acf":[],"_links":{"self":[{"href":"https:\/\/www.domaineroberthaag.com\/de\/wp-json\/wp\/v2\/product\/1040","targetHints":{"allow":["GET"]}}],"collection":[{"href":"https:\/\/www.domaineroberthaag.com\/de\/wp-json\/wp\/v2\/product"}],"about":[{"href":"https:\/\/www.domaineroberthaag.com\/de\/wp-json\/wp\/v2\/types\/product"}],"wp:featuredmedia":[{"embeddable":true,"href":"https:\/\/www.domaineroberthaag.com\/de\/wp-json\/wp\/v2\/media\/778"}],"wp:attachment":[{"href":"https:\/\/www.domaineroberthaag.com\/de\/wp-json\/wp\/v2\/media?parent=1040"}],"wp:term":[{"taxonomy":"product_brand","embeddable":true,"href":"https:\/\/www.domaineroberthaag.com\/de\/wp-json\/wp\/v2\/product_brand?post=1040"},{"taxonomy":"product_cat","embeddable":true,"href":"https:\/\/www.domaineroberthaag.com\/de\/wp-json\/wp\/v2\/product_cat?post=1040"},{"taxonomy":"product_tag","embeddable":true,"href":"https:\/\/www.domaineroberthaag.com\/de\/wp-json\/wp\/v2\/product_tag?post=1040"}],"curies":[{"name":"wp","href":"https:\/\/api.w.org\/{rel}","templated":true}]}}