{"id":1024,"date":"2021-03-17T16:07:34","date_gmt":"2021-03-17T15:07:34","guid":{"rendered":"https:\/\/www.domaineroberthaag.com\/?post_type=product&#038;p=1024"},"modified":"2026-02-25T09:31:12","modified_gmt":"2026-02-25T08:31:12","slug":"aoc-alsace-cremant-dalsace-rose","status":"publish","type":"product","link":"https:\/\/www.domaineroberthaag.com\/de\/boutique\/aoc-alsace-cremant-dalsace-rose\/","title":{"rendered":"AOC Alsace Cr\u00e9mant d&#8217;Alsace Ros\u00e9"},"content":{"rendered":"<p>Dieser stammt von der Rebensorte Pinot Noir.<\/p>\n<p>Die optimale Reife der Trauben und ein langsames Keltern erlauben eine sch\u00f6ne rosige Farbe zu erhalten, welche noch durch feinen Bl\u00e4schen betont ist.<\/p>\n<p>Dieser Cr\u00e9mant besitzt zarte kleine rote Fr\u00fcchtearomen und passt hervorragend zu Aperitifs, Empf\u00e4nge, Obstorten mit roten Fr\u00fcchten als leicht s\u00e4uerliche Nachtische.<\/p>\n","protected":false},"excerpt":{"rendered":"<p><strong>Passend zu Speisen und Weinen<\/strong>: Aperitif, Empf\u00e4nge, Torten mit roten Fr\u00fcchten und pikante Desserts.<\/p>\n<p><strong>Serviertemperatur<\/strong>: 6 bis 8\u00b0C.<\/p>\n<p><strong>Lagerung<\/strong>: 1 bis 3 Jahre.<\/p>\n<p><strong>Analytische Parameter<\/strong>:<\/p>\n<p>Alkohol: 12,19 % vol.<br \/>\nGesamts\u00e4uregehalt (Weins\u00e4ure): 6,5 g\/l<br \/>\nRestzucker: 9,6 g\/l<br \/>\nWeinart: trockener Wein<\/p>\n","protected":false},"featured_media":1454,"template":"","meta":{"_acf_changed":false},"product_brand":[],"product_cat":[18],"product_tag":[],"class_list":{"0":"post-1024","1":"product","2":"type-product","3":"status-publish","4":"has-post-thumbnail","6":"product_cat-cremant-dalsace","8":"first","9":"instock","10":"taxable","11":"shipping-taxable","12":"purchasable","13":"product-type-simple"},"acf":[],"_links":{"self":[{"href":"https:\/\/www.domaineroberthaag.com\/de\/wp-json\/wp\/v2\/product\/1024","targetHints":{"allow":["GET"]}}],"collection":[{"href":"https:\/\/www.domaineroberthaag.com\/de\/wp-json\/wp\/v2\/product"}],"about":[{"href":"https:\/\/www.domaineroberthaag.com\/de\/wp-json\/wp\/v2\/types\/product"}],"wp:featuredmedia":[{"embeddable":true,"href":"https:\/\/www.domaineroberthaag.com\/de\/wp-json\/wp\/v2\/media\/1454"}],"wp:attachment":[{"href":"https:\/\/www.domaineroberthaag.com\/de\/wp-json\/wp\/v2\/media?parent=1024"}],"wp:term":[{"taxonomy":"product_brand","embeddable":true,"href":"https:\/\/www.domaineroberthaag.com\/de\/wp-json\/wp\/v2\/product_brand?post=1024"},{"taxonomy":"product_cat","embeddable":true,"href":"https:\/\/www.domaineroberthaag.com\/de\/wp-json\/wp\/v2\/product_cat?post=1024"},{"taxonomy":"product_tag","embeddable":true,"href":"https:\/\/www.domaineroberthaag.com\/de\/wp-json\/wp\/v2\/product_tag?post=1024"}],"curies":[{"name":"wp","href":"https:\/\/api.w.org\/{rel}","templated":true}]}}