{"id":912,"date":"2020-03-18T11:16:13","date_gmt":"2020-03-18T10:16:13","guid":{"rendered":"https:\/\/www.domaineroberthaag.com\/?page_id=912"},"modified":"2020-03-18T11:18:08","modified_gmt":"2020-03-18T10:18:08","slug":"vente-a-distance","status":"publish","type":"page","link":"https:\/\/www.domaineroberthaag.com\/de\/vente-a-distance\/","title":{"rendered":"Vente \u00e0 distance"},"content":{"rendered":"<p>Notre caveau est ferm\u00e9 pour une dur\u00e9e d\u00e9termin\u00e9e.<\/p>\n<p><strong>Nous restons disponibles pour la vente \u00e0 emporter en vous annon\u00e7ant par t\u00e9l\u00e9phone au 03 88 92 11 83.<\/strong><\/p>\n<p><strong>Ou par la vente \u00e0 distance par transporteur (nous contacter par t\u00e9l\u00e9phone ou par mail).<\/strong><\/p>\n<p>Nous esp\u00e9rons que les mesures draconiennes aideront \u00e0 arr\u00eater la propagation du virus.<\/p>\n<p>Nous vous souhaitons \u00e0 tous bon courage et une bonne sant\u00e9 dans cette p\u00e9riode compliqu\u00e9e.<\/p>\n<p>&nbsp;<\/p>\n","protected":false},"excerpt":{"rendered":"<p>Notre caveau est ferm\u00e9 pour une dur\u00e9e d\u00e9termin\u00e9e. Nous restons disponibles pour la vente \u00e0 emporter en vous annon\u00e7ant par t\u00e9l\u00e9phone au 03 88 92 11 83. Ou par la vente \u00e0 distance par transporteur (nous contacter par t\u00e9l\u00e9phone ou par mail). Nous esp\u00e9rons que les mesures draconiennes aideront \u00e0 arr\u00eater la propagation du virus. [&hellip;]<\/p>\n","protected":false},"author":2,"featured_media":0,"parent":0,"menu_order":0,"comment_status":"closed","ping_status":"closed","template":"","meta":{"_acf_changed":false,"footnotes":""},"class_list":["post-912","page","type-page","status-publish","hentry"],"acf":[],"_links":{"self":[{"href":"https:\/\/www.domaineroberthaag.com\/de\/wp-json\/wp\/v2\/pages\/912","targetHints":{"allow":["GET"]}}],"collection":[{"href":"https:\/\/www.domaineroberthaag.com\/de\/wp-json\/wp\/v2\/pages"}],"about":[{"href":"https:\/\/www.domaineroberthaag.com\/de\/wp-json\/wp\/v2\/types\/page"}],"author":[{"embeddable":true,"href":"https:\/\/www.domaineroberthaag.com\/de\/wp-json\/wp\/v2\/users\/2"}],"replies":[{"embeddable":true,"href":"https:\/\/www.domaineroberthaag.com\/de\/wp-json\/wp\/v2\/comments?post=912"}],"version-history":[{"count":1,"href":"https:\/\/www.domaineroberthaag.com\/de\/wp-json\/wp\/v2\/pages\/912\/revisions"}],"predecessor-version":[{"id":913,"href":"https:\/\/www.domaineroberthaag.com\/de\/wp-json\/wp\/v2\/pages\/912\/revisions\/913"}],"wp:attachment":[{"href":"https:\/\/www.domaineroberthaag.com\/de\/wp-json\/wp\/v2\/media?parent=912"}],"curies":[{"name":"wp","href":"https:\/\/api.w.org\/{rel}","templated":true}]}}