{"id":3,"date":"2019-03-19T09:41:51","date_gmt":"2019-03-19T08:41:51","guid":{"rendered":"http:\/\/www.domaineroberthaag.com\/?page_id=3"},"modified":"2021-03-30T16:27:07","modified_gmt":"2021-03-30T14:27:07","slug":"rgpd","status":"publish","type":"page","link":"https:\/\/www.domaineroberthaag.com\/de\/rgpd\/","title":{"rendered":"Datenschutz-Grundverordnung"},"content":{"rendered":"<p>Domaine Robert HAAG et Fils legt gro\u00dfen Wert auf den Schutz personenbezogener Daten und Informationen. Die Wahrung des Datenschutzes ist uns ein wichtiges Anliegen, wenn wir die von Ihnen an uns \u00fcbermittelten personenbezogenen Daten verarbeiten m\u00fcssen. Die Verarbeitung und Sicherung dieser Daten erfolgt gem\u00e4\u00df den Anforderungen der DSGVO (Datenschutz-Grundverordnung).<\/p>\n<h2>1. Empfang und Verarbeitung personenbezogener Daten<\/h2>\n<p>Unser Internetserver speichert die von Ihrem Internetdienstanbieter zugewiesene IP-Adresse, die URL, von der aus Sie auf unsere Website zugegriffen haben, die verschiedenen Seiten unserer Website, die Sie durchsucht haben, sowie Datum und Uhrzeit Verbindung zu diesen Seiten nach einem systematischen Verfahren. In einigen F\u00e4llen verwendet Domaine Robert HAAG et Fils sogenannte \u201cCookies\u201d. Personenbezogene Daten werden nur erfasst, wenn sie von Ihnen angegeben wurden, wenn Sie ein Formular ausf\u00fcllen oder wenn Sie auf unserer Website bestellen.<\/p>\n<p>Ihre personenbezogenen Daten werden gem\u00e4\u00df den geltenden Gesetzen zum Schutz der Rechte des Einzelnen, einschlie\u00dflich der DSGVO, empfangen, verarbeitet und verwendet. Sie werden ausschlie\u00dflich zu Vertragserf\u00fcllungszwecken und in unserem berechtigten Gesch\u00e4ftsinteresse zur Erbringung von Kundenservice und Beratung verwendet. Domaine Robert HAAG et Fils verpflichtet sich, nur die Daten zu erheben, die zur Optimierung der Beziehung zu seinen Kunden, zur Verarbeitung und zum rechtm\u00e4\u00dfigen Gebrauch im Rahmen seiner beruflichen T\u00e4tigkeit, zur Auflistung, Aufbewahrung, zum Schutz und zur Nutzung erforderlich sind archivieren sie nach dem DSGVO.<\/p>\n<p>Domaine Robert HAAG et Fils verpflichtet sich, die von Ihnen zur Verf\u00fcgung gestellten Informationen weder zu verkaufen oder zu vermieten noch an Dritte weiterzugeben, mit Ausnahme von Subunternehmern, die im Rahmen spezifischer von uns organisierter Kommunikationsma\u00dfnahmen ordnungsgem\u00e4\u00df autorisiert sind.<\/p>\n<h2>2. Cookies und andere Webtechnologien<\/h2>\n<p>Wir erheben automatisch bestimmte Daten \u00fcber Sie und Ihren Computer, wenn Sie unsere Website besuchen. Beispielsweise erfassen wir Ihre IP-Adresse, den Namen Ihres Webbrowsers (z. B. Firefox, Internet Explorer oder Safari) und die verweisende Website. M\u00f6glicherweise erfassen wir auch Informationen zu Ihrer Online-Aktivit\u00e4t, z. B. die angezeigten Seiten und die get\u00e4tigten K\u00e4ufe.<\/p>\n<p>Diese Website verwendet verschiedene Arten von Cookies:<\/p>\n<ul>\n<li>Technische Cookies, die f\u00fcr das Funktionieren der Website unerl\u00e4sslich sind.<\/li>\n<li>Operative Cookies, die ausschlie\u00dflich zur Bereitstellung der von den Benutzern auf der Website angeforderten Dienste verwendet werden.<\/li>\n<li>Analytische Leistungs-Cookies, mit denen wir beobachten k\u00f6nnen, wie Besucher auf der Website navigieren und welche Inhalte sie anzeigen und an denen sie interessiert sind. Sie helfen uns, den von uns angebotenen Service zu verbessern, indem wir sicherstellen, dass unsere Benutzer die gew\u00fcnschten Informationen finden.<\/li>\n<li>Soziale Cookies, die von sozialen Netzwerken (Facebook, Google und Twitter) verwendet werden, um die Interaktion mit sozialen Widgets auf der Website zu steuern.<\/li>\n<\/ul>\n<h2>3. Wie vermeide ich das Aufzeichnen von &#8220;Cookies&#8221; auf Ihrem Computer?<\/h2>\n<p>Die Cookie-Einstellungen m\u00fcssen f\u00fcr jeden Browser festgelegt werden (Microsoft Edge, Google Chrome, Mozilla Firefox, Safari oder Opera). Im Allgemeinen haben Sie verschiedene M\u00f6glichkeiten, um Cookies zu verwalten, z. B. das Zulassen oder vollst\u00e4ndige Deaktivieren von Cookies, das L\u00f6schen bestimmter Cookies, die bereits vom Browser gespeichert wurden, das Verhindern, dass bestimmte Websites Cookies an Ihren Computer senden, oder das Blockieren Cookies von Drittanbietern (wenn beim Surfen auf einer Website Cookies von einer anderen Website an Ihren Computer gesendet werden).<\/p>\n<p>Weitere Informationen zum Verwalten von Cookies mit den wichtigsten Browsern finden Sie unter den folgenden Links:<\/p>\n<ul>\n<li>W\u00e4hlen Sie f\u00fcr Microsoft Edge: More&#8230; > Settings (Weitere Einstellungen anzeigen) unter Privacy &#038; Services (Datenschutz und Dienste) > Cookies die f\u00fcr Sie geeignete Option aus.<\/li>\n<li>F\u00fcr Mozilla Firefox: \u00d6ffnen Sie das Men\u00fc &#8220;Extras&#8221; und w\u00e4hlen Sie &#8220;Optionen&#8221;. Klicken Sie auf die Registerkarte &#8220;Datenschutz&#8221; und w\u00e4hlen Sie die gew\u00fcnschten Optionen.<\/li>\n<li>F\u00fcr Google Chrome: \u00d6ffnen Sie das Setup-Men\u00fc (Schraubenschl\u00fcssel-Logo) und w\u00e4hlen Sie &#8220;Optionen&#8221;. Klicken Sie auf &#8220;Erweiterte Optionen&#8221; und dann im Abschnitt &#8220;Datenschutz&#8221; auf &#8220;Inhaltseinstellungen&#8221; und w\u00e4hlen Sie die gew\u00fcnschten Optionen aus.<\/li>\n<li>F\u00fcr Safari: W\u00e4hlen Sie &#8220;Safari > Einstellungen&#8221; und klicken Sie auf &#8220;Sicherheit&#8221;. W\u00e4hlen Sie im Bereich &#8220;Cookies akzeptieren&#8221; die gew\u00fcnschten Optionen.<\/li>\n<li>F\u00fcr Opera: \u00d6ffnen Sie das Men\u00fc &#8220;Extras&#8221; oder &#8220;Einstellungen&#8221; und w\u00e4hlen Sie &#8220;Private Daten l\u00f6schen&#8221;. Klicken Sie auf die Registerkarte &#8220;Detaillierte Optionen&#8221; und w\u00e4hlen Sie die gew\u00fcnschten Optionen aus.<\/li>\n<\/ul>\n<p>Bei Fragen zur Verarbeitung Ihrer pers\u00f6nlichen Daten wenden Sie sich bitte direkt an unseren Administrator f\u00fcr personenbezogene Daten. Unser Administrator steht Ihnen bei Fragen zu Informationen, Vorschl\u00e4gen oder Beschwerden zur Verf\u00fcgung. Sie k\u00f6nnen ihn unter der folgenden E-Mail-Adresse kontaktieren: <span class=\"obfuscated text-truncate\"><a href=\"mailto:info{AT}domaineroberthaag{DOT}com\">info{AT}domaineroberthaag{DOT}com<\/a><\/span>.<\/p>\n<p><em class=\"font-14 text-muted\">Aktualisiert am: 21\/03\/2019<\/em><\/p>\n","protected":false},"excerpt":{"rendered":"<p>Domaine Robert HAAG et Fils legt gro\u00dfen Wert auf den Schutz personenbezogener Daten und Informationen. Die Wahrung des Datenschutzes ist uns ein wichtiges Anliegen, wenn wir die von Ihnen an uns \u00fcbermittelten personenbezogenen Daten verarbeiten m\u00fcssen. Die Verarbeitung und Sicherung dieser Daten erfolgt gem\u00e4\u00df den Anforderungen der DSGVO (Datenschutz-Grundverordnung). 1. Empfang und Verarbeitung personenbezogener Daten [&hellip;]<\/p>\n","protected":false},"author":1,"featured_media":0,"parent":0,"menu_order":0,"comment_status":"closed","ping_status":"open","template":"","meta":{"_acf_changed":false,"footnotes":""},"class_list":["post-3","page","type-page","status-publish","hentry"],"acf":[],"_links":{"self":[{"href":"https:\/\/www.domaineroberthaag.com\/de\/wp-json\/wp\/v2\/pages\/3","targetHints":{"allow":["GET"]}}],"collection":[{"href":"https:\/\/www.domaineroberthaag.com\/de\/wp-json\/wp\/v2\/pages"}],"about":[{"href":"https:\/\/www.domaineroberthaag.com\/de\/wp-json\/wp\/v2\/types\/page"}],"author":[{"embeddable":true,"href":"https:\/\/www.domaineroberthaag.com\/de\/wp-json\/wp\/v2\/users\/1"}],"replies":[{"embeddable":true,"href":"https:\/\/www.domaineroberthaag.com\/de\/wp-json\/wp\/v2\/comments?post=3"}],"version-history":[{"count":12,"href":"https:\/\/www.domaineroberthaag.com\/de\/wp-json\/wp\/v2\/pages\/3\/revisions"}],"predecessor-version":[{"id":1091,"href":"https:\/\/www.domaineroberthaag.com\/de\/wp-json\/wp\/v2\/pages\/3\/revisions\/1091"}],"wp:attachment":[{"href":"https:\/\/www.domaineroberthaag.com\/de\/wp-json\/wp\/v2\/media?parent=3"}],"curies":[{"name":"wp","href":"https:\/\/api.w.org\/{rel}","templated":true}]}}