{"id":270,"date":"2019-03-21T15:21:01","date_gmt":"2019-03-21T14:21:01","guid":{"rendered":"http:\/\/www.domaineroberthaag.com\/?page_id=270"},"modified":"2025-03-18T16:09:14","modified_gmt":"2025-03-18T15:09:14","slug":"mentions-legales","status":"publish","type":"page","link":"https:\/\/www.domaineroberthaag.com\/de\/mentions-legales\/","title":{"rendered":"Rechtliche Hinweise"},"content":{"rendered":"<h2>1. Verlagsdirektor &#038; Webmaster<\/h2>\n<p>M. Haag<\/p>\n<h2>2. F\u00fcr alle Informationsanfragen<\/h2>\n<p>Domaine Robert Haag et Fils<br \/>\n21, Rue de la Mairie<br \/>\n67750 SCHERWILLER<br \/>\nTel.: <a class=\"text-body\" href=\"tel:+33388921183\">+33 (0)3 88 92 11 83<\/a><\/p>\n<p>SIRET Nummer: 791 954 738 00013<br \/>\nAPE: 4634Z<br \/>\nVerbrauchsteuernummer: FR020003E5741<br \/>\nUst-ID: FR 617 919 547 38<\/p>\n<h2>3. Erschaffung und Unterbringung des Web-Sites<\/h2>\n<p>Gem\u00e4ss der Gesetzbestimmungen informieren wir Sie dar\u00fcber, dass:<\/p>\n<ul class=\"square\">\n<li>diese Internet-Dienstleistung wird durch die Gesellschaft <a title=\"Animaweb [neues Fenster]\" href=\"https:\/\/www.animaweb.fr\/\" target=\"_blank\" rel=\"noopener\">Animaweb<\/a> gew\u00e4hrleistet dessen headquarter in 31 route de la Wantzenau &#8211; 67800 Hoenheim, Frankreich sich befindet,<\/li>\n<li>die Unterbringung dieser Internet-Dienstleistung wird von der Gesellschaft <a title=\"Webhosting, Cloud Computing, Cloud-Server und vieles mehr - Infomaniak [neues Fenster]\" href=\"https:\/\/www.infomaniak.com\/\" target=\"_blank\" rel=\"noopener noreferrer\">Infomaniak<\/a> gew\u00e4hrleistet dessen headquarter rue Eug\u00e8ne Marziano 25 &#8211; 1227 Les Acacias (GE), Schweiz sich befindet.<\/li>\n<\/ul>\n<h2>4. Datenschutzgesetz<\/h2>\n<p>Als Benutzer verf\u00fcgen Sie \u00fcber das Recht auf Zugriff, \u00c4nderung und L\u00f6schung Ihrer Beitr\u00e4ge zur Erstellung dieses Web-Sites. Hierf\u00fcr senden Sie uns bitte ein Schreiben an o.g. Anschrift. Falls Sie es w\u00fcnschen, k\u00f6nnen Sie Ihre Rechte auch direkt per email aus\u00fcben. In diesem Falle benutzen Sie bitte <a href=\"#kontakt\">unser Kontaktformular<\/a> f\u00fcr die Sendung Ihrer Anfrage.<\/p>\n<p>Ferner informieren wir Sie dar\u00fcber, dass alle pers\u00f6nlichen Informationen die von den Benutzern \u00fcber die Kontaktformulare \u00fcbermittelt werden, ausschliesslich f\u00fcr die Benutzung durch Domaine Robert HAAG et Fils verwendet werden.<\/p>\n<p>Domaine Robert HAAG et Fils m\u00f6chte deutlich machen dass, die Antworten der Benutzer wahlfrei sind und das Ihre Abwesenheit keine sch\u00e4dlichen Konsequenzen haben werden. Dennoch sollten die Antworten in dem Masse ausreichend sein, dass wir die Informationen genau bearbeiten k\u00f6nnen, um den Internetbenutzern fachgerechte und zufriedenstellende Antworten geben zu k\u00f6nnen.<\/p>\n<p>Die Photographien werden als Beispiele \u00fcbermittelt und sind unverbindlich.<\/p>\n<h2>5. F\u00e4lschung<\/h2>\n<p>Jegliche Reproduktion oder Darstellung des vorliegenden Services (Inhalte, Seiten, Skripts, etc&#8230;), ob ganz oder teilweise, auf einem aktuellen oder zuk\u00fcnftigen Medium, ist streng verboten.<\/p>\n<p>Die Nichteinhaltung dieses Verbots entspricht einer F\u00e4lschung, die eine Schadensersatzpflicht und strafrechtliche Verantwortlichkeit des Zuwiederhandelnden nach sich ziehen kann. Die auf diesem Web-Site vorliegenden Inhalte sind unverbindlich und k\u00f6nnen jederzeit ohne Vorank\u00fcndigung ge\u00e4ndert werden. Dar\u00fcber hinaus k\u00f6nnen einige der innerhalb dieser Internetseite pr\u00e4sentierten Marken beim franz\u00f6sischen Institut f\u00fcr gewerbliches Eigentum INPI deklariert sein; folglich sind alle Reproduktions und Repr\u00e4sentationsrechte auf allen Medien, auch auf denjenigen, die bislang noch nicht existieren, f\u00fcr alle L\u00e4nder vorbehalten.<\/p>\n<h2>6. Cookies<\/h2>\n<p>Diese Website verwendet Cookies. Indem Sie auf dieser Website navigieren, werden Cookies auf Ihrem Computer, Ihrem Tablet oder Ihrem Mobiltelefon gespeichert. Sie dienen lediglich der Messung der Besucherzahlen und nicht der Sammlung pers\u00f6nlicher Daten.<\/p>\n<p>Die Nutzer-Einstellungen k\u00f6nnen f\u00fcr alle Leistungen unter der <a title=\"Funktion \"Cookies verwalten\"\" href=\"#cookies\">Funktion &#8220;Cookies verwalten&#8221;<\/a> ge\u00e4ndert werden.<\/p>\n<h2>7. Zugang<\/h2>\n<p>Kompatibler Web-Site mit allen Web-Browsern, die die Standards einhalten.<\/p>\n<p>Getestet unter: Internet Explorer, Microsoft Edge, Firefox, Safari &#038; Google Chrome.<\/p>\n<h2>8. Bildnachweise<\/h2>\n<p>Alle Rechte vorbehalten &#8211; Domaine Robert HAAG et Fils<\/p>\n<p><em class=\"font-14 text-muted\">Aktualisiert am: 21\/03\/2019<\/em><\/p>\n","protected":false},"excerpt":{"rendered":"<p>1. Verlagsdirektor &#038; Webmaster M. Haag 2. F\u00fcr alle Informationsanfragen Domaine Robert Haag et Fils 21, Rue de la Mairie 67750 SCHERWILLER Tel.: +33 (0)3 88 92 11 83 SIRET Nummer: 791 954 738 00013 APE: 4634Z Verbrauchsteuernummer: FR020003E5741 Ust-ID: FR 617 919 547 38 3. Erschaffung und Unterbringung des Web-Sites Gem\u00e4ss der Gesetzbestimmungen informieren [&hellip;]<\/p>\n","protected":false},"author":1,"featured_media":0,"parent":0,"menu_order":0,"comment_status":"closed","ping_status":"closed","template":"","meta":{"_acf_changed":false,"footnotes":""},"class_list":["post-270","page","type-page","status-publish","hentry"],"acf":[],"_links":{"self":[{"href":"https:\/\/www.domaineroberthaag.com\/de\/wp-json\/wp\/v2\/pages\/270","targetHints":{"allow":["GET"]}}],"collection":[{"href":"https:\/\/www.domaineroberthaag.com\/de\/wp-json\/wp\/v2\/pages"}],"about":[{"href":"https:\/\/www.domaineroberthaag.com\/de\/wp-json\/wp\/v2\/types\/page"}],"author":[{"embeddable":true,"href":"https:\/\/www.domaineroberthaag.com\/de\/wp-json\/wp\/v2\/users\/1"}],"replies":[{"embeddable":true,"href":"https:\/\/www.domaineroberthaag.com\/de\/wp-json\/wp\/v2\/comments?post=270"}],"version-history":[{"count":48,"href":"https:\/\/www.domaineroberthaag.com\/de\/wp-json\/wp\/v2\/pages\/270\/revisions"}],"predecessor-version":[{"id":1738,"href":"https:\/\/www.domaineroberthaag.com\/de\/wp-json\/wp\/v2\/pages\/270\/revisions\/1738"}],"wp:attachment":[{"href":"https:\/\/www.domaineroberthaag.com\/de\/wp-json\/wp\/v2\/media?parent=270"}],"curies":[{"name":"wp","href":"https:\/\/api.w.org\/{rel}","templated":true}]}}